




{"id":26,"date":"2017-10-23T15:35:18","date_gmt":"2017-10-23T13:35:18","guid":{"rendered":"\/portail\/?page_id=2"},"modified":"2023-03-21T10:52:34","modified_gmt":"2023-03-21T09:52:34","slug":"accueil-2","status":"publish","type":"page","link":"https:\/\/geo.creilsudoise.fr\/","title":{"rendered":"Accueil"},"content":{"rendered":"<div class=\"content_block\" style=\"background-color:#F7F7F6;background-image:url();background-repeat:no-repeat;background-position:center;background-size:cover;color:#222222;\">\n<div class=\"wrap\">\n<div class=\"d-flex flex-wrap justify-content-between gap-3\">\n<div class=\"home_card_item target\" data-target-url=\"\/index.php\/applications\/\" data-open-target-type=\"\">\n<h3 class=\"home_card_title\"><a href=\"\/index.php\/applications\/\" target=\"\">Applications<\/a><\/h3>\n<div class=\"home_card_desc\">Consultez les applications th\u00e9matiques pr\u00eates \u00e0 l\u2019emploi<\/div>\n<div class=\"home_card_foot icon i_grid\" style=\"background-color:#0394D3;\"><\/div>\n<\/div>\n<div class=\"home_card_item target\" data-target-url=\"\/index.php\/visionneuse\/\" data-open-target-type=\"\">\n<h3 class=\"home_card_title\"><a href=\"\/index.php\/visionneuse\/\" target=\"\">Ma carte<\/a><\/h3>\n<div class=\"home_card_desc\">Concevez votre propre carte interactive \u00e0 partir des donn\u00e9es de la plateforme<\/div>\n<div class=\"home_card_foot icon i_screen\" style=\"background-color:#F6CB1D;\"><\/div>\n<\/div>\n<div class=\"home_card_item target\" data-target-url=\"\/index.php\/catalogue-themes\/\" data-open-target-type=\"\">\n<h3 class=\"home_card_title\"><a href=\"\/index.php\/catalogue-themes\/\" target=\"\">Catalogue de donn\u00e9es<\/a><\/h3>\n<div class=\"home_card_desc\">Trouvez, visualisez et t\u00e9l\u00e9chargez des donn\u00e9es et cartes<\/div>\n<div class=\"home_card_foot icon i_gallery\" style=\"background-color:#088D3A;\"><\/div>\n<\/div>\n<\/div>\n<\/div>\n<\/div>\n","protected":false},"excerpt":{"rendered":"","protected":false},"author":1,"featured_media":0,"parent":0,"menu_order":0,"comment_status":"closed","ping_status":"open","template":"page-home.php","meta":{"footnotes":""},"class_list":["post-26","page","type-page","status-publish","hentry"],"_links":{"self":[{"href":"https:\/\/geo.creilsudoise.fr\/index.php\/wp-json\/wp\/v2\/pages\/26","targetHints":{"allow":["GET"]}}],"collection":[{"href":"https:\/\/geo.creilsudoise.fr\/index.php\/wp-json\/wp\/v2\/pages"}],"about":[{"href":"https:\/\/geo.creilsudoise.fr\/index.php\/wp-json\/wp\/v2\/types\/page"}],"author":[{"embeddable":true,"href":"https:\/\/geo.creilsudoise.fr\/index.php\/wp-json\/wp\/v2\/users\/1"}],"replies":[{"embeddable":true,"href":"https:\/\/geo.creilsudoise.fr\/index.php\/wp-json\/wp\/v2\/comments?post=26"}],"version-history":[{"count":19,"href":"https:\/\/geo.creilsudoise.fr\/index.php\/wp-json\/wp\/v2\/pages\/26\/revisions"}],"predecessor-version":[{"id":419,"href":"https:\/\/geo.creilsudoise.fr\/index.php\/wp-json\/wp\/v2\/pages\/26\/revisions\/419"}],"wp:attachment":[{"href":"https:\/\/geo.creilsudoise.fr\/index.php\/wp-json\/wp\/v2\/media?parent=26"}],"curies":[{"name":"wp","href":"https:\/\/api.w.org\/{rel}","templated":true}]}}